{"id":1169,"date":"2025-07-28T19:52:05","date_gmt":"2025-07-28T19:52:05","guid":{"rendered":"https:\/\/ok-marine.nl\/kraftstoffe-schmiermittel\/gruendung-von-ok-marine-ok-slurink\/"},"modified":"2025-07-28T19:52:05","modified_gmt":"2025-07-28T19:52:05","slug":"gruendung-von-ok-marine-ok-slurink","status":"publish","type":"page","link":"https:\/\/ok-marine.nl\/de\/kraftstoffe-schmiermittel\/gruendung-von-ok-marine-ok-slurink\/","title":{"rendered":"Gr\u00fcndung von OK Marine &amp; OK Slurink"},"content":{"rendered":"<p>2025 &#8211; Die Bunkerstation Papendrecht ist auch Teil des OK Slurink Netzwerks<\/p>\n<p>2025 &#8211; Erwerb der Bunkerstation Pander in Warten<\/p>\n<p>2024 &#8211; Slurink wird zu OK Slurink<\/p>\n<p>2022 &#8211; Slurink wird Teil der Catom Gruppe \/ OK Marine<\/p>\n<p>2019 &#8211; Erwerb von Langius Maritiem in Tholen durch OK Marine<\/p>\n<p>2019 &#8211; Bunkerboote Herman S. und Hilda S. beauftragt<\/p>\n<p>2018 &#8211; OK Marine erwirbt die Bunkerstation Van Scherpenzeel in Lelystad<\/p>\n<p>2018 &#8211; Kauf eines neuen Pouwel S (MTS Emendo)<\/p>\n<p>2014 &#8211; Er\u00f6ffnung des neuen Bunkerladens Schiff Dordrecht<\/p>\n<p>2008 &#8211; Zwaantje 9 und Pouwel S kommen in die Niederlande und sind hier fertig.<\/p>\n<p>2007 &#8211; Der Gesch\u00e4ftsbetrieb in Tholen wird eingestellt.<\/p>\n<p>2006 &#8211; Inbetriebnahme des neuen Bunkerladeschiffs &#8216;De Zwaan Zutphen&#8217;. Slurink-Zwaans bv und Verbo bv werden zu Slurink bv fusioniert.<\/p>\n<p>2002 und 2003 &#8211; Swan 2 und 6 werden in Betrieb genommen.<\/p>\n<p>1999 &#8211; Bau der neuen Bunkerstation in Lobith.<\/p>\n<p>1996 &#8211; Bau von zwei neuen Bunkerbooten f\u00fcr Zaltbommel und Dordrecht und Kauf des Servicezentrums Lobith.<\/p>\n<p>1992 &#8211; Er\u00f6ffnung der Bunkerstation Amsterdam<\/p>\n<p>1991 &#8211; Das Netzwerk wird durch den Kauf der Verbo BV in Tholen, Hansweert und Vlissingen weiter ausgebaut.<\/p>\n<p>1980 &#8211; Dordrecht, Gorinchem, Zaltbommel und Amsterdam (Zwaans) werden erworben. Gorinchem wurde ver\u00e4u\u00dfert und der Schwerpunkt wurde auf Zaltbommel verlagert. 1988 wurde eine neue Bunkerstation f\u00fcr Zaltbommel gebaut.<\/p>\n<p>1974 &#8211; Er\u00f6ffnung der neuen Bunkerstation in Deventer. Inzwischen gab es drei Filialen: Eefde, Hengelo und Deventer.<\/p>\n<p>1950er Jahre &#8211; Ende der 1950er Jahre kam das erste \u00d6lboot in Zwartsluis an.<\/p>\n<p>1850 &#8211; Ein gewisser Pouwel Slurink begann mit dem Handel von Schiffsausr\u00fcstung und fuhr im Sommer selbst auf einem Segelboot mit G\u00e4sten herum. Nach und nach wurde die Schifffahrt durch den \u00d6lhandel ersetzt.<\/p>\n","protected":false},"excerpt":{"rendered":"<p>2025 &#8211; Die Bunkerstation Papendrecht ist auch Teil des OK Slurink Netzwerks 2025 &#8211; Erwerb der Bunkerstation Pander in Warten 2024 &#8211; Slurink wird zu OK Slurink 2022 &#8211; Slurink wird Teil der Catom Gruppe \/ OK Marine 2019 &#8211; Erwerb von Langius Maritiem in Tholen durch OK Marine 2019 &#8211; Bunkerboote Herman S. und [&hellip;]<\/p>\n","protected":false},"author":2,"featured_media":0,"parent":1111,"menu_order":0,"comment_status":"closed","ping_status":"closed","template":"page-templates\/catom-no-cta.php","meta":{"_et_pb_use_builder":"","_et_pb_old_content":"","_et_gb_content_width":"","footnotes":""},"class_list":["post-1169","page","type-page","status-publish","hentry"],"_links":{"self":[{"href":"https:\/\/ok-marine.nl\/de\/wp-json\/wp\/v2\/pages\/1169","targetHints":{"allow":["GET"]}}],"collection":[{"href":"https:\/\/ok-marine.nl\/de\/wp-json\/wp\/v2\/pages"}],"about":[{"href":"https:\/\/ok-marine.nl\/de\/wp-json\/wp\/v2\/types\/page"}],"author":[{"embeddable":true,"href":"https:\/\/ok-marine.nl\/de\/wp-json\/wp\/v2\/users\/2"}],"replies":[{"embeddable":true,"href":"https:\/\/ok-marine.nl\/de\/wp-json\/wp\/v2\/comments?post=1169"}],"version-history":[{"count":0,"href":"https:\/\/ok-marine.nl\/de\/wp-json\/wp\/v2\/pages\/1169\/revisions"}],"up":[{"embeddable":true,"href":"https:\/\/ok-marine.nl\/de\/wp-json\/wp\/v2\/pages\/1111"}],"wp:attachment":[{"href":"https:\/\/ok-marine.nl\/de\/wp-json\/wp\/v2\/media?parent=1169"}],"curies":[{"name":"wp","href":"https:\/\/api.w.org\/{rel}","templated":true}]}}