{"id":1135,"date":"2019-12-16T09:07:41","date_gmt":"2019-12-16T09:07:41","guid":{"rendered":"https:\/\/ok-marine.nl\/langius-maritime\/"},"modified":"2025-12-30T14:59:12","modified_gmt":"2025-12-30T14:59:12","slug":"langius-maritime","status":"publish","type":"page","link":"https:\/\/ok-marine.nl\/fr\/langius-maritime\/","title":{"rendered":"Langius Maritime"},"content":{"rendered":"<p>Tout a commenc\u00e9 dans un petit garage, en 2002. Depuis, Langius Maritime est devenu un fournisseur et un distributeur r\u00e9put\u00e9 et fiable de lubrifiants de toutes marques. \u00c0 la mi-2011, ils ont emm\u00e9nag\u00e9 dans de nouveaux locaux situ\u00e9s Lorentzweg \u00e0 Tholen. Depuis 2019, Langius Marine fait partie d&#8217;OK Marine.<\/p>\n","protected":false},"excerpt":{"rendered":"<p>Tout a commenc\u00e9 dans un petit garage, en 2002. Depuis, Langius Maritime est devenu un fournisseur et un distributeur r\u00e9put\u00e9 et fiable de lubrifiants de toutes marques. \u00c0 la mi-2011, ils ont emm\u00e9nag\u00e9 dans de nouveaux locaux situ\u00e9s Lorentzweg \u00e0 Tholen. Depuis 2019, Langius Marine fait partie d&#8217;OK Marine.<\/p>\n","protected":false},"author":2,"featured_media":0,"parent":0,"menu_order":0,"comment_status":"closed","ping_status":"closed","template":"page-templates\/catom.php","meta":{"_et_pb_use_builder":"","_et_pb_old_content":"","_et_gb_content_width":"","footnotes":""},"class_list":["post-1135","page","type-page","status-publish","hentry"],"_links":{"self":[{"href":"https:\/\/ok-marine.nl\/fr\/wp-json\/wp\/v2\/pages\/1135","targetHints":{"allow":["GET"]}}],"collection":[{"href":"https:\/\/ok-marine.nl\/fr\/wp-json\/wp\/v2\/pages"}],"about":[{"href":"https:\/\/ok-marine.nl\/fr\/wp-json\/wp\/v2\/types\/page"}],"author":[{"embeddable":true,"href":"https:\/\/ok-marine.nl\/fr\/wp-json\/wp\/v2\/users\/2"}],"replies":[{"embeddable":true,"href":"https:\/\/ok-marine.nl\/fr\/wp-json\/wp\/v2\/comments?post=1135"}],"version-history":[{"count":1,"href":"https:\/\/ok-marine.nl\/fr\/wp-json\/wp\/v2\/pages\/1135\/revisions"}],"predecessor-version":[{"id":1141,"href":"https:\/\/ok-marine.nl\/fr\/wp-json\/wp\/v2\/pages\/1135\/revisions\/1141"}],"wp:attachment":[{"href":"https:\/\/ok-marine.nl\/fr\/wp-json\/wp\/v2\/media?parent=1135"}],"curies":[{"name":"wp","href":"https:\/\/api.w.org\/{rel}","templated":true}]}}