{"id":1170,"date":"2025-07-28T16:13:41","date_gmt":"2025-07-28T16:13:41","guid":{"rendered":"https:\/\/ok-marine.nl\/ok-graisse-pour-tube-detambot\/"},"modified":"2025-12-30T15:02:29","modified_gmt":"2025-12-30T15:02:29","slug":"ok-graisse-pour-tube-detambot","status":"publish","type":"page","link":"https:\/\/ok-marine.nl\/fr\/lubrifiants\/ok-graisse-pour-tube-detambot\/","title":{"rendered":"OK graisse pour tube d&#8217;\u00e9tambot"},"content":{"rendered":"<div class=\"wpb-content-wrapper\"><p>[vc_row][vc_column][vc_column_text css=&#8221;&#8221;]<\/p>\n<h2 data-start=\"148\" data-end=\"221\">Graisses pour tubes d&#8217;\u00e9tambot OK Stern : Une lubrification fiable pour le secteur maritime<\/h2>\n<p data-start=\"223\" data-end=\"507\">Dans le monde maritime, la fiabilit\u00e9 est essentielle. Les probl\u00e8mes de lubrification peuvent entra\u00eener des temps d&#8217;arr\u00eat, des dommages et des co\u00fbts \u00e9lev\u00e9s. C&#8217;est pourquoi OK propose une gamme compl\u00e8te de <strong data-start=\"387\" data-end=\"424\">graisses pour tubes d&#8217;\u00e9tambot de haute qualit\u00e9<\/strong>, sp\u00e9cialement con\u00e7ues pour une utilisation dans des conditions difficiles sur et autour de l&#8217;eau.  <\/p>\n<h3 data-start=\"509\" data-end=\"563\">Le calcium, base d&#8217;une performance maximale en mer<\/h3>\n<p data-start=\"565\" data-end=\"840\">Nombre de nos graisses marines sont \u00e0 base de <strong data-start=\"614\" data-end=\"640\">savon de calcium anhydre<\/strong>. Ces graisses conviennent parfaitement aux environnements humides, sal\u00e9s et contamin\u00e9s &#8211; exactement les conditions dans lesquelles les tubes d&#8217;\u00e9tambot fonctionnent. Par rapport aux graisses au lithium, la technologie du calcium offre les avantages suivants  <\/p>\n<ul data-start=\"842\" data-end=\"1042\">\n<li data-start=\"842\" data-end=\"884\">\n<p data-start=\"844\" data-end=\"884\">Meilleure adh\u00e9rence aux surfaces m\u00e9talliques<\/p>\n<\/li>\n<li data-start=\"885\" data-end=\"930\">\n<p data-start=\"887\" data-end=\"930\">Excellente r\u00e9sistance \u00e0 l&#8217;eau et au rin\u00e7age<\/p>\n<\/li>\n<li data-start=\"931\" data-end=\"995\">\n<p data-start=\"933\" data-end=\"995\">Protection sup\u00e9rieure contre la corrosion, m\u00eame dans des conditions d&#8217;eau sal\u00e9e<\/p>\n<\/li>\n<li data-start=\"996\" data-end=\"1042\">\n<p data-start=\"998\" data-end=\"1042\">Plus durable et plus s\u00fbr pour le transport et le stockage<\/p>\n<\/li>\n<\/ul>\n<p>[\/vc_column_text][\/vc_column][\/vc_row][vc_row][vc_column width=&#8221;1\/5&#8243;][vc_single_image image=&#8221;630&#8243; img_size=&#8221;full&#8221; alignment=&#8221;center&#8221; onclick=&#8221;custom_link&#8221; img_link_target=&#8221;_blank&#8221; css=&#8221;&#8221; link=&#8221;https:\/\/pim.okoliecentrale.nl\/public\/ok\/pi\/o3653-schroefaskokervet-2.pdf&#8221;][vc_btn title=&#8221;EP 2&#8243; style=&#8221;classic&#8221; shape=&#8221;square&#8221; color=&#8221;peacoc&#8221; align=&#8221;center&#8221; css=&#8221;&#8221; button_block=&#8221;true&#8221; link=&#8221;url:https%3A%2F%2Fpim.okoliecentrale.nl%2Fpublic%2Fok%2Fpi%2Fo3653-schroefaskokervet-2.pdf|target:_blank&#8221;][\/vc_column][vc_column width=&#8221;1\/5&#8243;][vc_single_image image=&#8221;631&#8243; img_size=&#8221;full&#8221; alignment=&#8221;center&#8221; onclick=&#8221;custom_link&#8221; img_link_target=&#8221;_blank&#8221; css=&#8221;&#8221; link=&#8221;https:\/\/pim.okoliecentrale.nl\/public\/ok\/pi\/ok-schroefaskokervet-3.pdf&#8221;][vc_btn title=&#8221;EP 3&#8243; style=&#8221;classic&#8221; shape=&#8221;square&#8221; color=&#8221;peacoc&#8221; align=&#8221;center&#8221; css=&#8221;&#8221; button_block=&#8221;true&#8221; link=&#8221;url:https%3A%2F%2Fpim.okoliecentrale.nl%2Fpublic%2Fok%2Fpi%2Fok-schroefaskokervet-3.pdf|target:_blank&#8221;][\/vc_column][vc_column width=&#8221;1\/5&#8243;][vc_single_image image=&#8221;629&#8243; img_size=&#8221;full&#8221; alignment=&#8221;center&#8221; onclick=&#8221;custom_link&#8221; img_link_target=&#8221;_blank&#8221; css=&#8221;&#8221; link=&#8221;https:\/\/pim.okoliecentrale.nl\/public\/ok\/pi\/mp-220-ac-0.pdf&#8221;][vc_btn title=&#8221;MP 220 AC 0&#8243; style=&#8221;classic&#8221; shape=&#8221;square&#8221; color=&#8221;peacoc&#8221; align=&#8221;center&#8221; css=&#8221;&#8221; button_block=&#8221;true&#8221; link=&#8221;url:https%3A%2F%2Fpim.okoliecentrale.nl%2Fpublic%2Fok%2Fpi%2Fmp-220-ac-0.pdf|target:_blank&#8221;][\/vc_column][vc_column width=&#8221;1\/5&#8243;][vc_single_image image=&#8221;628&#8243; img_size=&#8221;full&#8221; alignment=&#8221;center&#8221; onclick=&#8221;custom_link&#8221; img_link_target=&#8221;_blank&#8221; css=&#8221;&#8221; link=&#8221;https:\/\/pim.okoliecentrale.nl\/public\/ok\/pi\/ok-schroefaskokervet-bio.pdf&#8221;][vc_btn title=&#8221;Bio&#8221; style=&#8221;classic&#8221; shape=&#8221;square&#8221; color=&#8221;peacoc&#8221; align=&#8221;center&#8221; css=&#8221;&#8221; button_block=&#8221;true&#8221; link=&#8221;url:https%3A%2F%2Fpim.okoliecentrale.nl%2Fpublic%2Fok%2Fpi%2Fok-schroefaskokervet-bio.pdf|target:_blank&#8221;][\/vc_column][vc_column width=&#8221;1\/5&#8243;][vc_single_image image=&#8221;627&#8243; img_size=&#8221;full&#8221; alignment=&#8221;center&#8221; onclick=&#8221;custom_link&#8221; img_link_target=&#8221;_blank&#8221; css=&#8221;&#8221; link=&#8221;https:\/\/pim.okoliecentrale.nl\/public\/ok\/pi\/ok-schroefas-kokervet-2-3.pdf&#8221;][vc_btn title=&#8221;Prime EP 2\/3&#8243; style=&#8221;classic&#8221; shape=&#8221;square&#8221; color=&#8221;peacoc&#8221; align=&#8221;center&#8221; css=&#8221;&#8221; button_block=&#8221;true&#8221; link=&#8221;url:https%3A%2F%2Fpim.okoliecentrale.nl%2Fpublic%2Fok%2Fpi%2Fok-schroefas-kokervet-2-3.pdf|target:_blank&#8221;][\/vc_column][\/vc_row][vc_row][vc_column][vc_column_text css=&#8221;&#8221;]<\/p>\n<h3 data-start=\"1044\" data-end=\"1084\">La bonne graisse pour chaque application<\/h3>\n<p data-start=\"1086\" data-end=\"1241\">OK fournit des graisses pour tubes sternes dans diff\u00e9rentes compositions et consistances (NLGI 0 \u00e0 3), de sorte que vous disposez toujours d&#8217;une graisse adapt\u00e9e \u00e0 votre application :<\/p>\n<ul data-start=\"1243\" data-end=\"1796\">\n<li data-start=\"1243\" data-end=\"1377\">\n<p data-start=\"1245\" data-end=\"1377\"><strong data-start=\"1245\" data-end=\"1281\">OK Propeller sleeve grease EP 2 \/ EP 3<\/strong> &#8211; Graisse polyvalente pour les applications standard, avec une forte adh\u00e9rence et une protection contre la corrosion.<\/p>\n<\/li>\n<li data-start=\"1378\" data-end=\"1527\">\n<p data-start=\"1380\" data-end=\"1527\"><strong data-start=\"1380\" data-end=\"1419\">OK Propeller stern tube grease EP 2\/3 Premium<\/strong> &#8211; Workhorse on board avec une viscosit\u00e9 accrue de l&#8217;huile de base et un \u00e9paississant calcium-lithium pour une \u00e9tanch\u00e9it\u00e9 suppl\u00e9mentaire.<\/p>\n<\/li>\n<li data-start=\"1528\" data-end=\"1674\">\n<p data-start=\"1530\" data-end=\"1674\"><strong data-start=\"1530\" data-end=\"1558\">OK Graisse pour arbre d&#8217;h\u00e9lice Bio<\/strong> &#8211; Graisse biod\u00e9gradable et puissante &#8211; respectueuse de l&#8217;environnement sans compromis sur les performances.<\/p>\n<\/li>\n<li data-start=\"1675\" data-end=\"1796\">\n<p data-start=\"1677\" data-end=\"1796\"><strong data-start=\"1677\" data-end=\"1695\">OK MP 220 AC 0<\/strong> &#8211; Graisse calcique semi-liquide pour syst\u00e8mes de lubrification centralis\u00e9e, facilement pompable \u00e0 basse temp\u00e9rature.<\/p>\n<\/li>\n<\/ul>\n<h3 data-start=\"1798\" data-end=\"1834\">Plus que des tubes d&#8217;\u00e9tambot<\/h3>\n<p data-start=\"1836\" data-end=\"2144\">Nos graisses marines sont polyvalentes &#8211; non seulement pour les tubes d&#8217;\u00e9tambot, mais aussi pour les treuils, les c\u00e2bles, les charni\u00e8res, les roulements, les accouplements et les applications sur le pont. Avec une r\u00e9sistance \u00e9lev\u00e9e \u00e0 la pression (additifs EP\/AW), une r\u00e9sistance \u00e0 l&#8217;eau et une stabilit\u00e9 \u00e0 l&#8217;oxydation, elles sont con\u00e7ues pour une utilisation maximale \u00e0 bord. <\/p>\n<p>[\/vc_column_text][\/vc_column][\/vc_row]<\/p>\n<\/div>","protected":false},"excerpt":{"rendered":"<p>[vc_row][vc_column][vc_column_text css=&#8221;&#8221;] Graisses pour tubes d&#8217;\u00e9tambot OK Stern : Une lubrification fiable pour le secteur maritime Dans le monde maritime, la fiabilit\u00e9 est essentielle. Les probl\u00e8mes de lubrification peuvent entra\u00eener des temps d&#8217;arr\u00eat, des dommages et des co\u00fbts \u00e9lev\u00e9s. C&#8217;est pourquoi OK propose une gamme compl\u00e8te de graisses pour tubes d&#8217;\u00e9tambot de haute qualit\u00e9, sp\u00e9cialement [&hellip;]<\/p>\n","protected":false},"author":2,"featured_media":0,"parent":1260,"menu_order":0,"comment_status":"closed","ping_status":"closed","template":"page-templates\/catom-no-cta.php","meta":{"_et_pb_use_builder":"","_et_pb_old_content":"","_et_gb_content_width":"","footnotes":""},"class_list":["post-1170","page","type-page","status-publish","hentry"],"_links":{"self":[{"href":"https:\/\/ok-marine.nl\/fr\/wp-json\/wp\/v2\/pages\/1170","targetHints":{"allow":["GET"]}}],"collection":[{"href":"https:\/\/ok-marine.nl\/fr\/wp-json\/wp\/v2\/pages"}],"about":[{"href":"https:\/\/ok-marine.nl\/fr\/wp-json\/wp\/v2\/types\/page"}],"author":[{"embeddable":true,"href":"https:\/\/ok-marine.nl\/fr\/wp-json\/wp\/v2\/users\/2"}],"replies":[{"embeddable":true,"href":"https:\/\/ok-marine.nl\/fr\/wp-json\/wp\/v2\/comments?post=1170"}],"version-history":[{"count":1,"href":"https:\/\/ok-marine.nl\/fr\/wp-json\/wp\/v2\/pages\/1170\/revisions"}],"predecessor-version":[{"id":1266,"href":"https:\/\/ok-marine.nl\/fr\/wp-json\/wp\/v2\/pages\/1170\/revisions\/1266"}],"up":[{"embeddable":true,"href":"https:\/\/ok-marine.nl\/fr\/wp-json\/wp\/v2\/pages\/1260"}],"wp:attachment":[{"href":"https:\/\/ok-marine.nl\/fr\/wp-json\/wp\/v2\/media?parent=1170"}],"curies":[{"name":"wp","href":"https:\/\/api.w.org\/{rel}","templated":true}]}}