{"id":1194,"date":"2025-07-28T19:52:05","date_gmt":"2025-07-28T19:52:05","guid":{"rendered":"https:\/\/ok-marine.nl\/creation-de-ok-marine-et-ok-slurink\/"},"modified":"2025-12-30T15:02:18","modified_gmt":"2025-12-30T15:02:18","slug":"creation-de-ok-marine-et-ok-slurink","status":"publish","type":"page","link":"https:\/\/ok-marine.nl\/fr\/carburants-et-lubrifiants\/creation-de-ok-marine-et-ok-slurink\/","title":{"rendered":"Cr\u00e9ation de OK Marine et OK Slurink"},"content":{"rendered":"<p>2025 &#8211; La station de bunker de Papendrecht fait \u00e9galement partie du r\u00e9seau OK Slurink<\/p>\n<p>2025 &#8211; acquisition de la station de bunker Pander \u00e0 Warten<\/p>\n<p>2024 &#8211; Slurink devient OK Slurink<\/p>\n<p>2022 &#8211; Slurink fait partie du groupe Catom \/ OK Marine<\/p>\n<p>2019 &#8211; acquisition Langius Maritiem \u00e0 Tholen par OK Marine<\/p>\n<p>2019 &#8211; Mise \u00e0 l&#8217;eau des soutes Herman S. et Hilda S.<\/p>\n<p>2018 &#8211; OK Marine acquiert la station de soutage Van Scherpenzeel \u00e0 Lelystad<\/p>\n<p>2018 &#8211; achat d&#8217;un nouveau Pouwel S (MTS Emendo)<\/p>\n<p>2014 &#8211; ouverture d&#8217;un nouveau bunker shop \u00e0 Dordrecht<\/p>\n<p>2008 &#8211; Zwaantje 9 et Pouwel S arrivent aux Pays-Bas et y sont achev\u00e9s.<\/p>\n<p>2007 &#8211; Fin des activit\u00e9s commerciales \u00e0 Tholen.<\/p>\n<p>2006 &#8211; Mise en service du nouveau navire soute &#8216;De Zwaan Zutphen&#8217;. Slurink-Zwaans bv et Verbo bv fusionnent en Slurink bv. <\/p>\n<p>2002 et 2003 &#8211; Swan 2 et 6 sont entr\u00e9s en service.<\/p>\n<p>1999 &#8211; Construction d&#8217;une nouvelle station d&#8217;avitaillement \u00e0 Lobith.<\/p>\n<p>1996 &#8211; Construction de deux nouveaux navires de soutage pour Zaltbommel et Dordrecht et achat du centre de service Lobith.<\/p>\n<p>1992 &#8211; Ouverture de la station de bunker \u00e0 Amsterdam<\/p>\n<p>1991 &#8211; Le r\u00e9seau s&#8217;\u00e9tend encore avec l&#8217;achat de Verbo BV \u00e0 Tholen, Hansweert et Vlissingen.<\/p>\n<p>1980 &#8211; Acquisition de Dordrecht, Gorinchem, Zaltbommel et Amsterdam (Zwaans). Gorinchem est c\u00e9d\u00e9e et l&#8217;accent est mis sur Zaltbommel. En 1988, une nouvelle station de bunker a \u00e9t\u00e9 construite pour Zaltbommel.  <\/p>\n<p>1974 &#8211; ouverture d&#8217;un nouveau bunker \u00e0 Deventer. Il y a d\u00e9sormais trois succursales : Eefde, Hengelo et Deventer. <\/p>\n<p>1950s &#8211; Le premier bateau p\u00e9trolier est arriv\u00e9 \u00e0 Zwartsluis \u00e0 la fin des ann\u00e9es 1950.<\/p>\n<p>1850 &#8211; Un certain Pouwel Slurink se lance dans le commerce d&#8217;\u00e9quipements navals et, en \u00e9t\u00e9, il navigue lui-m\u00eame sur un voilier avec des invit\u00e9s. Peu \u00e0 peu, la navigation est remplac\u00e9e par le commerce du p\u00e9trole. <\/p>\n","protected":false},"excerpt":{"rendered":"<p>2025 &#8211; La station de bunker de Papendrecht fait \u00e9galement partie du r\u00e9seau OK Slurink 2025 &#8211; acquisition de la station de bunker Pander \u00e0 Warten 2024 &#8211; Slurink devient OK Slurink 2022 &#8211; Slurink fait partie du groupe Catom \/ OK Marine 2019 &#8211; acquisition Langius Maritiem \u00e0 Tholen par OK Marine 2019 &#8211; [&hellip;]<\/p>\n","protected":false},"author":2,"featured_media":0,"parent":1245,"menu_order":0,"comment_status":"closed","ping_status":"closed","template":"page-templates\/catom-no-cta.php","meta":{"_et_pb_use_builder":"","_et_pb_old_content":"","_et_gb_content_width":"","footnotes":""},"class_list":["post-1194","page","type-page","status-publish","hentry"],"_links":{"self":[{"href":"https:\/\/ok-marine.nl\/fr\/wp-json\/wp\/v2\/pages\/1194","targetHints":{"allow":["GET"]}}],"collection":[{"href":"https:\/\/ok-marine.nl\/fr\/wp-json\/wp\/v2\/pages"}],"about":[{"href":"https:\/\/ok-marine.nl\/fr\/wp-json\/wp\/v2\/types\/page"}],"author":[{"embeddable":true,"href":"https:\/\/ok-marine.nl\/fr\/wp-json\/wp\/v2\/users\/2"}],"replies":[{"embeddable":true,"href":"https:\/\/ok-marine.nl\/fr\/wp-json\/wp\/v2\/comments?post=1194"}],"version-history":[{"count":1,"href":"https:\/\/ok-marine.nl\/fr\/wp-json\/wp\/v2\/pages\/1194\/revisions"}],"predecessor-version":[{"id":1247,"href":"https:\/\/ok-marine.nl\/fr\/wp-json\/wp\/v2\/pages\/1194\/revisions\/1247"}],"up":[{"embeddable":true,"href":"https:\/\/ok-marine.nl\/fr\/wp-json\/wp\/v2\/pages\/1245"}],"wp:attachment":[{"href":"https:\/\/ok-marine.nl\/fr\/wp-json\/wp\/v2\/media?parent=1194"}],"curies":[{"name":"wp","href":"https:\/\/api.w.org\/{rel}","templated":true}]}}