{"id":1235,"date":"2025-04-15T11:27:39","date_gmt":"2025-04-15T11:27:39","guid":{"rendered":"https:\/\/ok-marine.nl\/neste-my\/"},"modified":"2025-04-15T11:27:39","modified_gmt":"2025-04-15T11:27:39","slug":"neste-my","status":"publish","type":"page","link":"https:\/\/ok-marine.nl\/fr\/neste-my\/","title":{"rendered":"Neste MY"},"content":{"rendered":"<div class=\"wpb-content-wrapper\"><p>[vc_row][vc_column width=&#8221;4\/5&#8243;][vc_column_text css=&#8221;&#8221;]<\/p>\n<div class=\"wpb_column vc_column_container vc_col-sm-12\">\n<div class=\"vc_column-inner\">\n<div class=\"wpb_wrapper\">\n<div class=\"wpb_text_column wpb_content_element\">\n<div class=\"wpb_wrapper\">\n<h1>La r\u00e9duction des \u00e9missions de CO2 commence d\u00e8s aujourd&#8217;hui avec Neste MY HVO100<\/h1>\n<h2>RED III : r\u00e9duction de 14,5 % des \u00e9missions de CO2 dans le secteur de la navigation int\u00e9rieure<\/h2>\n<p>Dans le cadre du Green Deal Shipping, Inland Navigation and Ports, il a \u00e9t\u00e9 convenu que d&#8217;ici \u00e0 2030, nous voulions r\u00e9duire les \u00e9missions de CO2 de 40 \u00e0 50 % par rapport \u00e0 2015. En 2024, cependant, le compteur se situe \u00e0 8 %, ce qui s&#8217;explique en partie par la taille r\u00e9duite de la flotte. Auparavant, il \u00e9tait question d&#8217;une \u00e9tiquette d&#8217;\u00e9mission obligatoire pour la navigation int\u00e9rieure, mais cette id\u00e9e a \u00e9t\u00e9 abandonn\u00e9e. Pour continuer \u00e0 r\u00e9duire les \u00e9missions de la navigation int\u00e9rieure, le gouvernement s&#8217;est engag\u00e9 \u00e0 mettre en \u0153uvre la RED III, qui devrait permettre une r\u00e9duction de 14,5 % des \u00e9missions de CO2 dans l&#8217;ensemble du secteur de la navigation int\u00e9rieure.   <\/p>\n<h2>R\u00e9duisez les \u00e9missions de CO2 jusqu&#8217;\u00e0 90 % avec le diesel renouvelable Neste MY<\/h2>\n<p>Les barges qui utilisent le Neste MY Renewable Diesel (HVO100) au lieu de carburants fossiles (gazole) r\u00e9alisent des r\u00e9ductions de CO2 allant jusqu&#8217;\u00e0 quatre-vingt-dix pour cent avec effet imm\u00e9diat. Et ce, alors que le produit a une composition chimique similaire \u00e0 celle du diesel fossile et peut donc \u00eatre ravitaill\u00e9 sans aucune modification du moteur ou de la machinerie. En outre, l&#8217;utilisation de Neste MY HVO100 r\u00e9duit consid\u00e9rablement les \u00e9missions locales de particules, d&#8217;hydrocarbures, d&#8217;oxydes d&#8217;azote, de monoxyde de carbone et d&#8217;hydrocarbures polyaromatiques, en particulier dans les moteurs plus anciens o\u00f9 l&#8217;utilisation d&#8217;AdBlue\u00ae n&#8217;est pas encore une \u00e9vidence.  <\/p>\n<\/div>\n<\/div>\n<\/div>\n<\/div>\n<\/div>\n<div class=\"wpb_column vc_column_container vc_col-sm-12\">\n<div class=\"vc_column-inner\">\n<div class=\"wpb_wrapper\">\n<div class=\"vc_row wpb_row vc_inner vc_row-fluid\">\n<div class=\"wpb_column vc_column_container vc_col-sm-6\">\n<div class=\"vc_column-inner\">\n<div class=\"wpb_wrapper\">\n<div class=\"wpb_text_column wpb_content_element\">\n<div class=\"wpb_wrapper\">\n<h3><strong>Les avantages en un coup d&#8217;\u0153il :<\/strong><\/h3>\n<ul>\n<li>R\u00e9duction imm\u00e9diate des \u00e9missions de CO2 jusqu&#8217;\u00e0 90 % par rapport au diesel fossile<\/li>\n<li>R\u00e9duction de l&#8217;utilisation d&#8217;AdBlue\u00ae et des filtres \u00e0 carburant<\/li>\n<li>Certificat d&#8217;enl\u00e8vement annuel indiquant les \u00e9conomies de CO2 r\u00e9alis\u00e9es<\/li>\n<li>Livraison par l&#8217;interm\u00e9diaire de stations de soutage, de bateaux de soutage et de navires-citernes<\/li>\n<li>S\u00e9curit\u00e9 de fonctionnement jusqu&#8217;\u00e0 -22 degr\u00e9s Celsius<\/li>\n<li>Carburant pr\u00eat \u00e0 l&#8217;emploi : aucune modification technique n&#8217;est n\u00e9cessaire<\/li>\n<li>Une combustion efficace et plus propre<\/li>\n<li>R\u00e9duction des \u00e9missions locales (particules, azote)<\/li>\n<li>Neste MY et OK : partenaires dans le d\u00e9veloppement durable des entreprises<\/li>\n<\/ul>\n<\/div>\n<\/div>\n<\/div>\n<\/div>\n<\/div>\n<\/div>\n<\/div>\n<\/div>\n<\/div>\n<p>[\/vc_column_text][\/vc_column][vc_column width=&#8221;1\/5&#8243;][vc_separator color=&#8221;white&#8221; border_width=&#8221;6&#8243; css=&#8221;&#8221;][vc_single_image image=&#8221;513&#8243; img_size=&#8221;medium&#8221; style=&#8221;vc_box_shadow&#8221; onclick=&#8221;custom_link&#8221; img_link_target=&#8221;_blank&#8221; css=&#8221;&#8221; link=&#8221;https:\/\/ok-marine.nl\/app\/uploads\/sites\/4\/2025\/06\/OK-SLURINK-NPRC-klantverhaal_LR.pdf&#8221;][vc_btn title=&#8221;MS Celeste sur Neste MY&#8221; style=&#8221;classic&#8221; shape=&#8221;square&#8221; color=&#8221;peacoc&#8221; size=&#8221;sm&#8221; align=&#8221;center&#8221; css=&#8221;&#8221; button_block=&#8221;true&#8221; link=&#8221;url:https%3A%2F%2Fok-marine.nl%2Fapp%2Fuploads%2Fsites%2F4%2F2025%2F06%2FOK-SLURINK-NPRC-klantverhaal_LR.pdf|title:Download%20MS%20Celeste%20over%20Neste%20MY|target:_blank&#8221;][vc_single_image image=&#8221;512&#8243; img_size=&#8221;medium&#8221; style=&#8221;vc_box_shadow&#8221; onclick=&#8221;custom_link&#8221; img_link_target=&#8221;_blank&#8221; css=&#8221;&#8221; link=&#8221;https:\/\/ok-marine.nl\/app\/uploads\/sites\/4\/2025\/06\/OK_NesteMY_klantverhaal_Tromso_digiversie.pdf&#8221;][vc_btn title=&#8221;Troms\u00f8 sur Neste MY&#8221; style=&#8221;classic&#8221; shape=&#8221;square&#8221; color=&#8221;peacoc&#8221; size=&#8221;sm&#8221; align=&#8221;center&#8221; css=&#8221;&#8221; button_block=&#8221;true&#8221; link=&#8221;url:https%3A%2F%2Fok-marine.nl%2Fapp%2Fuploads%2Fsites%2F4%2F2025%2F06%2FOK_NesteMY_klantverhaal_Tromso_digiversie.pdf|title:Download%20Troms%C3%B8%20over%20Neste%20MY|target:_blank&#8221;][vc_single_image image=&#8221;552&#8243; img_size=&#8221;medium&#8221; style=&#8221;vc_box_shadow&#8221; onclick=&#8221;custom_link&#8221; img_link_target=&#8221;_blank&#8221; css=&#8221;&#8221; link=&#8221;https:\/\/ok-nestemy.nl\/binnenvaart\/&#8221;][vc_btn title=&#8221;Fichier de connaissances HVO100&#8243; style=&#8221;classic&#8221; shape=&#8221;square&#8221; color=&#8221;peacoc&#8221; align=&#8221;center&#8221; css=&#8221;&#8221; button_block=&#8221;true&#8221; link=&#8221;url:https%3A%2F%2Fok-nestemy.nl%2Fbinnenvaart%2F|title:Download%20binnenvaart|target:_blank&#8221;][\/vc_column][\/vc_row]<\/p>\n<\/div>","protected":false},"excerpt":{"rendered":"<p>[vc_row][vc_column width=&#8221;4\/5&#8243;][vc_column_text css=&#8221;&#8221;] La r\u00e9duction des \u00e9missions de CO2 commence d\u00e8s aujourd&#8217;hui avec Neste MY HVO100 RED III : r\u00e9duction de 14,5 % des \u00e9missions de CO2 dans le secteur de la navigation int\u00e9rieure Dans le cadre du Green Deal Shipping, Inland Navigation and Ports, il a \u00e9t\u00e9 convenu que d&#8217;ici \u00e0 2030, nous voulions [&hellip;]<\/p>\n","protected":false},"author":2,"featured_media":0,"parent":0,"menu_order":0,"comment_status":"closed","ping_status":"closed","template":"page-templates\/catom-no-cta.php","meta":{"_et_pb_use_builder":"","_et_pb_old_content":"","_et_gb_content_width":"","footnotes":""},"class_list":["post-1235","page","type-page","status-publish","hentry"],"_links":{"self":[{"href":"https:\/\/ok-marine.nl\/fr\/wp-json\/wp\/v2\/pages\/1235","targetHints":{"allow":["GET"]}}],"collection":[{"href":"https:\/\/ok-marine.nl\/fr\/wp-json\/wp\/v2\/pages"}],"about":[{"href":"https:\/\/ok-marine.nl\/fr\/wp-json\/wp\/v2\/types\/page"}],"author":[{"embeddable":true,"href":"https:\/\/ok-marine.nl\/fr\/wp-json\/wp\/v2\/users\/2"}],"replies":[{"embeddable":true,"href":"https:\/\/ok-marine.nl\/fr\/wp-json\/wp\/v2\/comments?post=1235"}],"version-history":[{"count":0,"href":"https:\/\/ok-marine.nl\/fr\/wp-json\/wp\/v2\/pages\/1235\/revisions"}],"wp:attachment":[{"href":"https:\/\/ok-marine.nl\/fr\/wp-json\/wp\/v2\/media?parent=1235"}],"curies":[{"name":"wp","href":"https:\/\/api.w.org\/{rel}","templated":true}]}}