{"id":1245,"date":"2019-08-21T10:11:35","date_gmt":"2019-08-21T10:11:35","guid":{"rendered":"https:\/\/ok-marine.nl\/carburants-et-lubrifiants\/"},"modified":"2026-01-06T15:21:54","modified_gmt":"2026-01-06T15:21:54","slug":"carburants-et-lubrifiants","status":"publish","type":"page","link":"https:\/\/ok-marine.nl\/fr\/","title":{"rendered":"Carburants et lubrifiants"},"content":{"rendered":"<div class=\"wpb-content-wrapper\"><p>[vc_row][vc_column][vc_column_text]<\/p>\n<h3>Fournisseur ind\u00e9pendant de marques de carburants et de lubrifiants sur l&#8217;eau et autour de l&#8217;eau<\/h3>\n<p>[\/vc_column_text][vc_row_inner][vc_column_inner][vc_column_text css=&#8221;&#8221;]En plus de ses activit\u00e9s fructueuses sur terre, les services de Catom ont \u00e9t\u00e9 \u00e9largis en 2018\/2019 pour inclure une branche maritime en acqu\u00e9rant Langius Maritiem (Tholen) et Van Scherpenzeel&#8217;s Oliehandel (Lelystad). Depuis lors, OK Marine &#8211; sp\u00e9cialis\u00e9 dans la distribution de lubrifiants, de carburants et d&#8217;AdBlue\u00ae sur et autour de l&#8217;eau &#8211; est une r\u00e9alit\u00e9. Avec plusieurs d\u00e9p\u00f4ts, des bureaux de vente r\u00e9gionaux, sa propre flotte de v\u00e9hicules, plusieurs stations de soutage, des bateaux de soutage, son propre camion-citerne et sa flotte de camions-citernes, Catom, avec ses filiales dans le commerce terrestre et maritime, est un maillon logistique important dans la distribution de Neste MY sur le march\u00e9 des entreprises.  <\/p>\n<p>En novembre 2022, Slurink (d\u00e9sormais <a href=\"https:\/\/ok-marine.nl\/ok-slurink\/\">OK Slurink<\/a>) a rejoint la branche maritime du groupe Catom (OK Marine), pour une couverture encore plus large et une expertise interne en mati\u00e8re de carburants renouvelables et de r\u00e9glementations actualis\u00e9es.<\/p>\n<p>Depuis 2025, la station de soutage de Frisian Warten et la station de soutage de Papendrecht font \u00e9galement partie de notre r\u00e9seau.<\/p>\n<p>Consultez les origines compl\u00e8tes d&#8217;OK Slurink et d&#8217;OK Marine <a href=\"https:\/\/ok-marine.nl\/home\/ontstaan-ok-marine-ok-slurink\/\">ici.<\/a>[\/vc_column_text][\/vc_column_inner][\/vc_row_inner][\/vc_column][\/vc_row][vc_row][vc_column][vc_row_inner][vc_column_inner width=&#8221;1\/2&#8243;][vc_column_text css=&#8221;&#8221;]<\/p>\n<h3>Nos produits :<\/h3>\n<p>[\/vc_column_text][\/vc_column_inner][vc_column_inner width=&#8221;1\/2&#8243;][vc_column_text css=&#8221;&#8221;]<\/p>\n<h3>Notre r\u00e9seau :<\/h3>\n<p>[\/vc_column_text][\/vc_column_inner][\/vc_row_inner][\/vc_column][vc_column width=&#8221;1\/6&#8243;][vc_single_image image=&#8221;991&#8243; img_size=&#8221;600&#215;600&#8243; alignment=&#8221;center&#8221; css=&#8221;&#8221;][vc_column_text css=&#8221;&#8221;]<\/p>\n<p style=\"text-align: center;\"><a href=\"https:\/\/ok-marine.nl\/brandstoffen\/\">Combustibles<\/a><\/p>\n<p>[\/vc_column_text][vc_single_image image=&#8221;1033&#8243; img_size=&#8221;600&#215;600&#8243; alignment=&#8221;center&#8221; onclick=&#8221;custom_link&#8221; css=&#8221;&#8221; link=&#8221;https:\/\/ok-marine.nl\/smeermiddelen\/ok-schroefaskokervet\/&#8221;][vc_column_text css=&#8221;&#8221;]<\/p>\n<p style=\"text-align: center;\">Graisse pour arbre d&#8217;h\u00e9lice<\/p>\n<p>[\/vc_column_text][\/vc_column][vc_column width=&#8221;1\/6&#8243;][vc_single_image image=&#8221;1030&#8243; img_size=&#8221;600&#215;600&#8243; css=&#8221;&#8221;][vc_column_text css=&#8221;&#8221;]<\/p>\n<p style=\"text-align: center;\"><a href=\"https:\/\/ok-marine.nl\/smeermiddelen\/\">Lubrifiants<\/a><\/p>\n<p>[\/vc_column_text][vc_single_image image=&#8221;1036&#8243; img_size=&#8221;full&#8221; css=&#8221;&#8221;][vc_column_text css=&#8221;&#8221;]<\/p>\n<p style=\"text-align: center;\"><a href=\"https:\/\/ok-marine.nl\/neste-my\/\">Neste MY Diesel renouvelable<\/a><\/p>\n<p>[\/vc_column_text][\/vc_column][vc_column width=&#8221;1\/6&#8243;][vc_single_image image=&#8221;997&#8243; img_size=&#8221;600&#215;600&#8243; css=&#8221;&#8221;][vc_column_text css=&#8221;&#8221;]<\/p>\n<p style=\"text-align: center;\"><a href=\"https:\/\/ok-marine.nl\/ok-slurink\/assortiment-bunkerstations\/\">Magasins<\/a><\/p>\n<p>[\/vc_column_text][\/vc_column][vc_column width=&#8221;1\/2&#8243;][vc_single_image image=&#8221;1081&#8243; img_size=&#8221;large&#8221; onclick=&#8221;custom_link&#8221; css=&#8221;&#8221; link=&#8221;https:\/\/ok-marine.nl\/contact\/&#8221;][\/vc_column][vc_column][\/vc_column][\/vc_row]<\/p>\n<\/div>","protected":false},"excerpt":{"rendered":"<p>[vc_row][vc_column][vc_column_text] Fournisseur ind\u00e9pendant de marques de carburants et de lubrifiants sur l&#8217;eau et autour de l&#8217;eau [\/vc_column_text][vc_row_inner][vc_column_inner][vc_column_text css=&#8221;&#8221;]En plus de ses activit\u00e9s fructueuses sur terre, les services de Catom ont \u00e9t\u00e9 \u00e9largis en 2018\/2019 pour inclure une branche maritime en acqu\u00e9rant Langius Maritiem (Tholen) et Van Scherpenzeel&#8217;s Oliehandel (Lelystad). Depuis lors, OK Marine &#8211; sp\u00e9cialis\u00e9 [&hellip;]<\/p>\n","protected":false},"author":1,"featured_media":0,"parent":0,"menu_order":0,"comment_status":"closed","ping_status":"closed","template":"page-templates\/catom-no-cta.php","meta":{"_et_pb_use_builder":"off","_et_pb_old_content":"","_et_gb_content_width":"","footnotes":""},"class_list":["post-1245","page","type-page","status-publish","hentry"],"_links":{"self":[{"href":"https:\/\/ok-marine.nl\/fr\/wp-json\/wp\/v2\/pages\/1245","targetHints":{"allow":["GET"]}}],"collection":[{"href":"https:\/\/ok-marine.nl\/fr\/wp-json\/wp\/v2\/pages"}],"about":[{"href":"https:\/\/ok-marine.nl\/fr\/wp-json\/wp\/v2\/types\/page"}],"author":[{"embeddable":true,"href":"https:\/\/ok-marine.nl\/fr\/wp-json\/wp\/v2\/users\/1"}],"replies":[{"embeddable":true,"href":"https:\/\/ok-marine.nl\/fr\/wp-json\/wp\/v2\/comments?post=1245"}],"version-history":[{"count":4,"href":"https:\/\/ok-marine.nl\/fr\/wp-json\/wp\/v2\/pages\/1245\/revisions"}],"predecessor-version":[{"id":1290,"href":"https:\/\/ok-marine.nl\/fr\/wp-json\/wp\/v2\/pages\/1245\/revisions\/1290"}],"wp:attachment":[{"href":"https:\/\/ok-marine.nl\/fr\/wp-json\/wp\/v2\/media?parent=1245"}],"curies":[{"name":"wp","href":"https:\/\/api.w.org\/{rel}","templated":true}]}}